{"id":421,"date":"2025-05-08T11:12:12","date_gmt":"2025-05-08T11:12:12","guid":{"rendered":"https:\/\/kitdigital.telentic.es\/?page_id=421"},"modified":"2025-05-08T11:12:12","modified_gmt":"2025-05-08T11:12:12","slug":"gestion-de-procesos","status":"publish","type":"page","link":"https:\/\/kitdigital.telentic.es\/?page_id=421","title":{"rendered":"Gesti\u00f3n de Procesos"},"content":{"rendered":"\n<h4 class=\"wp-block-heading\"><strong>Soluciones telenTIC compatibles con la ayuda:<\/strong><\/h4>\n\n\n\n<p>Proyecto de dise\u00f1o y creaci\u00f3n p\u00e1gina web realizado directamente por el departamento de programaci\u00f3n telenTIC.<\/p>\n\n\n\n<p>Proyectos b\u00e1sicos con las funcionalidades m\u00ednimas establecidas en el Bono digital hasta soluciones complejas con tienda On-line, integraci\u00f3n de base de datos y conexiones a ERP.<\/p>\n\n\n\n<p><\/p>\n\n\n\n<h4 class=\"wp-block-heading\"><strong>Funcionalidades y servicios<\/strong><\/h4>\n\n\n\n<ul class=\"wp-block-list\">\n<li><strong>Contabilidad\/finanzas:<\/strong> cuentas por cobrar\/por pagar, gesti\u00f3n de activos y generaci\u00f3n de cierres y balances, etc.<\/li>\n\n\n\n<li><strong>Facturaci\u00f3n:<\/strong> automatizaci\u00f3n de los procesos de facturaci\u00f3n con la generaci\u00f3n de presupuestos, albaranes y facturas, adaptados a\u00a0los requisitos del art\u00edculo 29.2.j) de la Ley 58\/2003, de 17 de diciembre, General Tributaria, y a su normativa de desarrollo, as\u00ed como cualquier normativa que sea de aplicaci\u00f3n.<\/li>\n\n\n\n<li><strong>Proyectos:<\/strong> control de presupuestos, costes, estimaciones, optimizaci\u00f3n de los recursos, etc.<\/li>\n\n\n\n<li><strong>Inventario:<\/strong> previsi\u00f3n, niveles de stock, env\u00edos, distribuciones, devoluciones y cancelaciones, etc.<\/li>\n\n\n\n<li><strong>Compras y pagos:<\/strong> gesti\u00f3n de pedidos de compra y proveedores.<\/li>\n\n\n\n<li><strong>Recursos humanos:<\/strong> gesti\u00f3n de los recursos humanos, n\u00f3minas, etc.<\/li>\n\n\n\n<li><strong>Log\u00edstica:<\/strong> gesti\u00f3n de flotas y rutas, entre otras.<\/li>\n\n\n\n<li><strong>Integraci\u00f3n con diversas plataformas:<\/strong> APIs o <em>Web Services<\/em> para su integraci\u00f3n con otras herramientas.<\/li>\n\n\n\n<li><strong>Actualizable: <\/strong>acceso a actualizaciones de la soluci\u00f3n con nuevas versiones.<\/li>\n\n\n\n<li><strong>Escalable: <\/strong>si tu empresa crece o cambia estructuralmente, la soluci\u00f3n se adaptar\u00e1 a estos cambios.<\/li>\n\n\n\n<li><strong>Cumplimiento<\/strong>:cumplimiento de la normativa aplicable, en concreto del Reglamento por el que se regulan las obligaciones de facturaci\u00f3n del Real Decreto 1619\/2012, as\u00ed como cualquier normativa de aplicaci\u00f3n.\u00a0En especial, los procesos de facturaci\u00f3n y contabilidad, inventarios, compras y pagos deber\u00e1n garantizar, la posibilidad de remisi\u00f3n a la Agencia Tributaria, la integridad, conservaci\u00f3n, accesibilidad, legibilidad, trazabilidad e inalterabilidad de los registros de acuerdo con la normativa aplicable.<\/li>\n\n\n\n<li><strong>M\u00f3dulos individuales:\u00a0<\/strong>incorporaci\u00f3n de nuevos m\u00f3dulos individuales. Se entiende por nuevo m\u00f3dulo individual aquel que agrupa o soporta un \u00fanico subproceso de la cadena de valor de la pyme, sobre una soluci\u00f3n de gesti\u00f3n de procesos ya existente. La incorporaci\u00f3n del nuevo m\u00f3dulo individual no podr\u00e1 consistir en un desarrollo, progreso, aumento o enriquecimiento de los servicios y funcionalidades de la soluci\u00f3n existente. Tampoco podr\u00e1 ser una actualizaci\u00f3n de versiones de\u00a0<em>software<\/em>\u00a0por el proveedor, esto es,\u00a0<em>releases<\/em>\u00a0que el proveedor publique sobre una versi\u00f3n de\u00a0<em>software<\/em>, ni\u00a0<em>upgrades<\/em>\u00a0o mejora de versiones existentes.<\/li>\n<\/ul>\n\n\n\n<h4 class=\"wp-block-heading\"><strong>Segmento de beneficiario<\/strong><\/h4>\n\n\n\n<p>0 &lt; 3 empleados: 2.000\u20ac<\/p>\n\n\n\n<p>3 &lt; 9 empleados: 3.000\u20ac<\/p>\n\n\n\n<p>10 &lt; 50 empleados: 6.000\u20ac<\/p>\n\n\n\n<p>Para otras funcionalidades solicita tu presupuesto a medida y sin compromiso.&nbsp;<\/p>\n","protected":false},"excerpt":{"rendered":"<p>Soluciones telenTIC compatibles con la ayuda: Proyecto de dise\u00f1o y creaci\u00f3n p\u00e1gina web realizado directamente por el departamento de programaci\u00f3n telenTIC. Proyectos b\u00e1sicos con las funcionalidades m\u00ednimas establecidas en el Bono digital hasta soluciones complejas con tienda On-line, integraci\u00f3n de base de datos y conexiones a ERP. Funcionalidades y servicios Segmento de beneficiario 0 &lt;&hellip;&nbsp;<a href=\"https:\/\/kitdigital.telentic.es\/?page_id=421\" rel=\"bookmark\">Leer m\u00e1s &raquo;<span class=\"screen-reader-text\">Gesti\u00f3n de Procesos<\/span><\/a><\/p>\n","protected":false},"author":2,"featured_media":0,"parent":0,"menu_order":0,"comment_status":"closed","ping_status":"closed","template":"","meta":{"neve_meta_sidebar":"","neve_meta_container":"","neve_meta_enable_content_width":"","neve_meta_content_width":0,"neve_meta_title_alignment":"","neve_meta_author_avatar":"","neve_post_elements_order":"","neve_meta_disable_header":"","neve_meta_disable_footer":"","neve_meta_disable_title":"","_themeisle_gutenberg_block_has_review":false,"footnotes":""},"class_list":["post-421","page","type-page","status-publish","hentry"],"_links":{"self":[{"href":"https:\/\/kitdigital.telentic.es\/index.php?rest_route=\/wp\/v2\/pages\/421","targetHints":{"allow":["GET"]}}],"collection":[{"href":"https:\/\/kitdigital.telentic.es\/index.php?rest_route=\/wp\/v2\/pages"}],"about":[{"href":"https:\/\/kitdigital.telentic.es\/index.php?rest_route=\/wp\/v2\/types\/page"}],"author":[{"embeddable":true,"href":"https:\/\/kitdigital.telentic.es\/index.php?rest_route=\/wp\/v2\/users\/2"}],"replies":[{"embeddable":true,"href":"https:\/\/kitdigital.telentic.es\/index.php?rest_route=%2Fwp%2Fv2%2Fcomments&post=421"}],"version-history":[{"count":1,"href":"https:\/\/kitdigital.telentic.es\/index.php?rest_route=\/wp\/v2\/pages\/421\/revisions"}],"predecessor-version":[{"id":423,"href":"https:\/\/kitdigital.telentic.es\/index.php?rest_route=\/wp\/v2\/pages\/421\/revisions\/423"}],"wp:attachment":[{"href":"https:\/\/kitdigital.telentic.es\/index.php?rest_route=%2Fwp%2Fv2%2Fmedia&parent=421"}],"curies":[{"name":"wp","href":"https:\/\/api.w.org\/{rel}","templated":true}]}}