{"id":418,"date":"2025-05-08T09:47:16","date_gmt":"2025-05-08T09:47:16","guid":{"rendered":"https:\/\/kitdigital.telentic.es\/?page_id=418"},"modified":"2025-05-08T09:47:16","modified_gmt":"2025-05-08T09:47:16","slug":"gestion-de-la-facturacion-y-factura-electronica","status":"publish","type":"page","link":"https:\/\/kitdigital.telentic.es\/?page_id=418","title":{"rendered":"Gestion de la Facturaci\u00f3n y Factura Electr\u00f3nica"},"content":{"rendered":"\n<h3 class=\"wp-block-heading\">El principal objetivo de esta categor\u00eda es que puedas tener una p\u00e1gina web para darte visibilidad en internet.<\/h3>\n\n\n\n<h4 class=\"wp-block-heading\"><strong>Soluciones telenTIC compatibles con la ayuda:<\/strong><\/h4>\n\n\n\n<p>Proyecto de dise\u00f1o y creaci\u00f3n p\u00e1gina web realizado directamente por el departamento de programaci\u00f3n telenTIC.<\/p>\n\n\n\n<p>Proyectos b\u00e1sicos con las funcionalidades m\u00ednimas establecidas en el Bono digital hasta soluciones complejas con tienda On-line, integraci\u00f3n de base de datos y conexiones a ERP.<\/p>\n\n\n\n<p><\/p>\n\n\n\n<h4 class=\"wp-block-heading\"><strong>Funcionalidades y servicios<\/strong><\/h4>\n\n\n\n<ul class=\"wp-block-list\">\n<li><strong>Facturas en formato estructurado:<\/strong> emitir facturas en formatos estructurados, al menos en formato FACTURA-E, para facilitar su tratamiento automatizado.<\/li>\n\n\n\n<li><strong>Facturas ilimitadas:<\/strong> podr\u00e1s emitir y recibir un n\u00famero ilimitado de facturas.<\/li>\n\n\n\n<li><strong>Clientes ilimitados:<\/strong> enviar facturas a un n\u00famero ilimitado de clientes.<\/li>\n\n\n\n<li><strong>Productos o servicios ilimitados:<\/strong> n\u00famero ilimitado de productos y\/o servicios facturables dentro del cat\u00e1logo.<\/li>\n\n\n\n<li><strong>Env\u00edo y recepci\u00f3n de facturas:<\/strong> enviar y recibir facturas electr\u00f3nicas directamente, al menos por correo electr\u00f3nico.<\/li>\n\n\n\n<li><strong>Personalizaci\u00f3n de facturas:<\/strong> facturas personalizables, incluyendo la selecci\u00f3n de tu logotipo.<\/li>\n\n\n\n<li><strong>Copias de seguridad peri\u00f3dicas:<\/strong> copias de seguridad, con posibilidad de, al menos, una periodicidad diaria.<\/li>\n\n\n\n<li><strong>Integraci\u00f3n con otras soluciones:<\/strong> APIs o <em>Web Services<\/em> para su integraci\u00f3n con otras herramientas, as\u00ed como permitir la carga de datos de manera manual.<\/li>\n\n\n\n<li><strong>Control de vencimiento de las facturas:<\/strong> sistema de control del vencimiento de las facturas.<\/li>\n\n\n\n<li><strong>Generaci\u00f3n de un registro de facturaci\u00f3n:<\/strong> generar un registro de facturaci\u00f3n, de forma simult\u00e1nea o inmediatamente anterior a la expedici\u00f3n de cada factura, en un formato estandarizado, garantizando la integridad, conservaci\u00f3n, accesibilidad, legibilidad, trazabilidad, e inalterabilidad de los datos que componen dicho registro de facturaci\u00f3n.<\/li>\n\n\n\n<li><strong>Emisi\u00f3n de facturas verificables:<\/strong> emisi\u00f3n de facturas, tanto en papel como de forma electr\u00f3nica, que puedan ser verificables con la Agencia Tributaria por parte del comprador.<\/li>\n\n\n\n<li><strong>Verificaci\u00f3n presencial:<\/strong> verificaci\u00f3n presencial o el env\u00edo de los registros de facturaci\u00f3n a petici\u00f3n de las autoridades siempre que no se env\u00eden de forma voluntaria.<\/li>\n\n\n\n<li><strong>Declaraci\u00f3n responsable:<\/strong> declaraci\u00f3n responsable por parte del fabricante o desarrollador acreditando que el <em>software<\/em> cumple con la normativa tributaria vigente.<\/li>\n<\/ul>\n\n\n\n<h4 class=\"wp-block-heading\"><strong>Segmento de beneficiario<\/strong><\/h4>\n\n\n\n<p>0 &lt; 3 empleados: 1.000\u20ac<\/p>\n\n\n\n<p>3 &lt; 9 empleados: 2.000\u20ac<\/p>\n\n\n\n<p>10 &lt; 50 empleados: 2.000\u20ac<\/p>\n\n\n\n<p>Para otras funcionalidades solicita tu presupuesto a medida y sin compromiso.&nbsp;<\/p>\n","protected":false},"excerpt":{"rendered":"<p>El principal objetivo de esta categor\u00eda es que puedas tener una p\u00e1gina web para darte visibilidad en internet. Soluciones telenTIC compatibles con la ayuda: Proyecto de dise\u00f1o y creaci\u00f3n p\u00e1gina web realizado directamente por el departamento de programaci\u00f3n telenTIC. Proyectos b\u00e1sicos con las funcionalidades m\u00ednimas establecidas en el Bono digital hasta soluciones complejas con tienda&hellip;&nbsp;<a href=\"https:\/\/kitdigital.telentic.es\/?page_id=418\" rel=\"bookmark\">Leer m\u00e1s &raquo;<span class=\"screen-reader-text\">Gestion de la Facturaci\u00f3n y Factura Electr\u00f3nica<\/span><\/a><\/p>\n","protected":false},"author":2,"featured_media":0,"parent":0,"menu_order":0,"comment_status":"closed","ping_status":"closed","template":"","meta":{"neve_meta_sidebar":"","neve_meta_container":"","neve_meta_enable_content_width":"","neve_meta_content_width":0,"neve_meta_title_alignment":"","neve_meta_author_avatar":"","neve_post_elements_order":"","neve_meta_disable_header":"","neve_meta_disable_footer":"","neve_meta_disable_title":"","_themeisle_gutenberg_block_has_review":false,"footnotes":""},"class_list":["post-418","page","type-page","status-publish","hentry"],"_links":{"self":[{"href":"https:\/\/kitdigital.telentic.es\/index.php?rest_route=\/wp\/v2\/pages\/418","targetHints":{"allow":["GET"]}}],"collection":[{"href":"https:\/\/kitdigital.telentic.es\/index.php?rest_route=\/wp\/v2\/pages"}],"about":[{"href":"https:\/\/kitdigital.telentic.es\/index.php?rest_route=\/wp\/v2\/types\/page"}],"author":[{"embeddable":true,"href":"https:\/\/kitdigital.telentic.es\/index.php?rest_route=\/wp\/v2\/users\/2"}],"replies":[{"embeddable":true,"href":"https:\/\/kitdigital.telentic.es\/index.php?rest_route=%2Fwp%2Fv2%2Fcomments&post=418"}],"version-history":[{"count":1,"href":"https:\/\/kitdigital.telentic.es\/index.php?rest_route=\/wp\/v2\/pages\/418\/revisions"}],"predecessor-version":[{"id":420,"href":"https:\/\/kitdigital.telentic.es\/index.php?rest_route=\/wp\/v2\/pages\/418\/revisions\/420"}],"wp:attachment":[{"href":"https:\/\/kitdigital.telentic.es\/index.php?rest_route=%2Fwp%2Fv2%2Fmedia&parent=418"}],"curies":[{"name":"wp","href":"https:\/\/api.w.org\/{rel}","templated":true}]}}