{"id":414,"date":"2025-05-08T08:09:42","date_gmt":"2025-05-08T08:09:42","guid":{"rendered":"https:\/\/kitdigital.telentic.es\/?page_id=414"},"modified":"2025-05-08T08:44:43","modified_gmt":"2025-05-08T08:44:43","slug":"presencia-avanzada-en-internet","status":"publish","type":"page","link":"https:\/\/kitdigital.telentic.es\/?page_id=414","title":{"rendered":"Presencia Avanzada en Internet"},"content":{"rendered":"\n<h3 class=\"wp-block-heading\">El principal objetivo de esta categor\u00eda es que puedas tener una p\u00e1gina web para darte visibilidad en internet.<\/h3>\n\n\n\n<h4 class=\"wp-block-heading\"><strong>Soluciones telenTIC compatibles con la ayuda:<\/strong><\/h4>\n\n\n\n<p>Proyecto de dise\u00f1o y creaci\u00f3n p\u00e1gina web realizado directamente por el departamento de programaci\u00f3n telenTIC.<\/p>\n\n\n\n<p>Proyectos b\u00e1sicos con las funcionalidades m\u00ednimas establecidas en el Bono digital hasta soluciones complejas con tienda On-line, integraci\u00f3n de base de datos y conexiones a ERP.<\/p>\n\n\n\n<p><\/p>\n\n\n\n<h4 class=\"wp-block-heading\"><strong>Funcionalidades y servicios<\/strong><\/h4>\n\n\n\n<ul class=\"wp-block-list\">\n<li><strong>Posicionamiento b\u00e1sico en internet: <\/strong>posicionar la informaci\u00f3n b\u00e1sica del&nbsp;negocio como contacto y perfil de empresa en los principales sites, redes de negocio o directorios de empresas y profesionales.<\/li>\n\n\n\n<li><strong>An\u00e1lisis de palabras clave: <\/strong>gesti\u00f3n, b\u00fasqueda y an\u00e1lisis de palabras clave para que los buscadores clasifiquen el contenido y ayuden a los usuarios a encontrar resultados relevantes.<\/li>\n\n\n\n<li><strong>An\u00e1lisis de la competencia: <\/strong>an\u00e1lisis mensual de la competencia para informar del posicionamiento frente a otros competidores.<\/li>\n\n\n\n<li><strong>SEO <em>On-Page<\/em>: <\/strong>m\u00ednimo dos p\u00e1ginas o apartados SEO <em>On-Page<\/em>, optimizando la estructura y el contenido interno para mejorar la posici\u00f3n natural de tu pyme en buscadores, as\u00ed como la indexaci\u00f3n y jerarquizaci\u00f3n del contenido.<\/li>\n\n\n\n<li><strong>SEO<em> Off-Page:<\/em> <\/strong>proveer este servicio, que conllevar\u00e1 la ejecuci\u00f3n de acciones fuera del entorno del sitio web para mejorar tu posicionamiento org\u00e1nico.<\/li>\n\n\n\n<li><strong>Informes mensuales de seguimiento: <\/strong>reporte mensual de los resultados de las acciones ejecutadas para generar consciencia de la evoluci\u00f3n y la repercusi\u00f3n de las mismas en la presencia en internet de tu negocio.<\/li>\n<\/ul>\n\n\n\n<h4 class=\"wp-block-heading\"><strong>Segmento de beneficiario<\/strong><\/h4>\n\n\n\n<p>0 &lt; 3 empleados: 2.000\u20ac<\/p>\n\n\n\n<p>3 &lt; 9 empleados: 2.000\u20ac<\/p>\n\n\n\n<p>10 &lt; 50 empleados: 2.000\u20ac<\/p>\n\n\n\n<p>Para otras funcionalidades solicita tu presupuesto a medida y sin compromiso.&nbsp;<\/p>\n","protected":false},"excerpt":{"rendered":"<p>El principal objetivo de esta categor\u00eda es que puedas tener una p\u00e1gina web para darte visibilidad en internet. Soluciones telenTIC compatibles con la ayuda: Proyecto de dise\u00f1o y creaci\u00f3n p\u00e1gina web realizado directamente por el departamento de programaci\u00f3n telenTIC. Proyectos b\u00e1sicos con las funcionalidades m\u00ednimas establecidas en el Bono digital hasta soluciones complejas con tienda&hellip;&nbsp;<a href=\"https:\/\/kitdigital.telentic.es\/?page_id=414\" rel=\"bookmark\">Leer m\u00e1s &raquo;<span class=\"screen-reader-text\">Presencia Avanzada en Internet<\/span><\/a><\/p>\n","protected":false},"author":2,"featured_media":0,"parent":0,"menu_order":0,"comment_status":"closed","ping_status":"closed","template":"","meta":{"neve_meta_sidebar":"","neve_meta_container":"","neve_meta_enable_content_width":"","neve_meta_content_width":0,"neve_meta_title_alignment":"","neve_meta_author_avatar":"","neve_post_elements_order":"","neve_meta_disable_header":"","neve_meta_disable_footer":"","neve_meta_disable_title":"","_themeisle_gutenberg_block_has_review":false,"footnotes":""},"class_list":["post-414","page","type-page","status-publish","hentry"],"_links":{"self":[{"href":"https:\/\/kitdigital.telentic.es\/index.php?rest_route=\/wp\/v2\/pages\/414","targetHints":{"allow":["GET"]}}],"collection":[{"href":"https:\/\/kitdigital.telentic.es\/index.php?rest_route=\/wp\/v2\/pages"}],"about":[{"href":"https:\/\/kitdigital.telentic.es\/index.php?rest_route=\/wp\/v2\/types\/page"}],"author":[{"embeddable":true,"href":"https:\/\/kitdigital.telentic.es\/index.php?rest_route=\/wp\/v2\/users\/2"}],"replies":[{"embeddable":true,"href":"https:\/\/kitdigital.telentic.es\/index.php?rest_route=%2Fwp%2Fv2%2Fcomments&post=414"}],"version-history":[{"count":2,"href":"https:\/\/kitdigital.telentic.es\/index.php?rest_route=\/wp\/v2\/pages\/414\/revisions"}],"predecessor-version":[{"id":419,"href":"https:\/\/kitdigital.telentic.es\/index.php?rest_route=\/wp\/v2\/pages\/414\/revisions\/419"}],"wp:attachment":[{"href":"https:\/\/kitdigital.telentic.es\/index.php?rest_route=%2Fwp%2Fv2%2Fmedia&parent=414"}],"curies":[{"name":"wp","href":"https:\/\/api.w.org\/{rel}","templated":true}]}}