{"id":385,"date":"2023-10-10T21:13:15","date_gmt":"2023-10-10T21:13:15","guid":{"rendered":"https:\/\/kitdigital.telentic.es\/?page_id=385"},"modified":"2023-10-10T21:13:16","modified_gmt":"2023-10-10T21:13:16","slug":"comunicaciones-seguras","status":"publish","type":"page","link":"https:\/\/kitdigital.telentic.es\/?page_id=385","title":{"rendered":"Comunicaciones Seguras"},"content":{"rendered":"\n<h3 class=\"wp-block-heading\">Con esta soluci\u00f3n dispondr\u00e1s de seguridad en las conexiones entre los dispositivos de tus empleados y la empresa.<\/h3>\n\n\n\n<h4 class=\"wp-block-heading\"><strong>Soluciones telenTIC compatibles con la ayuda:<\/strong><\/h4>\n\n\n\n<p><strong>Azure Active Directory Premium Plan 2 para Microsoft 365:<\/strong><\/p>\n\n\n\n<p>El servicio de identidad empresarial de Azure Active Directory (Azure AD) brinda inicio de sesi\u00f3n \u00fanico y autenticaci\u00f3n multifactor para ayudar a proteger a sus usuarios del 99,9 % de los ataques a la ciberseguridad.<\/p>\n\n\n\n<p><strong>A partir de 92,40\u20ac + IVA\/a\u00f1o<\/strong><\/p>\n\n\n\n<h4 class=\"wp-block-heading\"><strong>Funcionalidades y servicios<\/strong><\/h4>\n\n\n\n<p><a href=\"https:\/\/azure.microsoft.com\/es-es\/services\/active-directory\/\">https:\/\/azure.microsoft.com\/es-es\/services\/active-directory\/<\/a><\/p>\n\n\n\n<ul class=\"wp-block-list\">\n<li>SSL<\/li>\n\n\n\n<li>Cifrado de extremo a extremo<\/li>\n\n\n\n<li>Logs de conexi\u00f3n<\/li>\n\n\n\n<li>Control de acceso<\/li>\n\n\n\n<li>Compatible con dispositivos m\u00f3viles<\/li>\n<\/ul>\n\n\n\n<h4 class=\"wp-block-heading\"><strong>Segmento de beneficiario&nbsp;<\/strong><\/h4>\n\n\n\n<p>0 &lt; 3 empleados: 125\u20ac\/usuario (hasta 2 usuarios)<\/p>\n\n\n\n<p>3 &lt; 9 empleados: 125\u20ac\/usuario (hasta 9 usuarios)<\/p>\n\n\n\n<p>10 &lt; 50 empleados: 125\u20ac\/usuario (hasta 48 usuarios)<\/p>\n\n\n\n<p>Solicita tu presupuesto mediante el formulario de contacto.<\/p>\n","protected":false},"excerpt":{"rendered":"<p>Con esta soluci\u00f3n dispondr\u00e1s de seguridad en las conexiones entre los dispositivos de tus empleados y la empresa. Soluciones telenTIC compatibles con la ayuda: Azure Active Directory Premium Plan 2 para Microsoft 365: El servicio de identidad empresarial de Azure Active Directory (Azure AD) brinda inicio de sesi\u00f3n \u00fanico y autenticaci\u00f3n multifactor para ayudar a&hellip;&nbsp;<a href=\"https:\/\/kitdigital.telentic.es\/?page_id=385\" rel=\"bookmark\">Leer m\u00e1s &raquo;<span class=\"screen-reader-text\">Comunicaciones Seguras<\/span><\/a><\/p>\n","protected":false},"author":1,"featured_media":0,"parent":0,"menu_order":0,"comment_status":"closed","ping_status":"closed","template":"","meta":{"neve_meta_sidebar":"","neve_meta_container":"","neve_meta_enable_content_width":"","neve_meta_content_width":0,"neve_meta_title_alignment":"","neve_meta_author_avatar":"","neve_post_elements_order":"","neve_meta_disable_header":"","neve_meta_disable_footer":"","neve_meta_disable_title":"","_themeisle_gutenberg_block_has_review":false,"footnotes":""},"class_list":["post-385","page","type-page","status-publish","hentry"],"_links":{"self":[{"href":"https:\/\/kitdigital.telentic.es\/index.php?rest_route=\/wp\/v2\/pages\/385","targetHints":{"allow":["GET"]}}],"collection":[{"href":"https:\/\/kitdigital.telentic.es\/index.php?rest_route=\/wp\/v2\/pages"}],"about":[{"href":"https:\/\/kitdigital.telentic.es\/index.php?rest_route=\/wp\/v2\/types\/page"}],"author":[{"embeddable":true,"href":"https:\/\/kitdigital.telentic.es\/index.php?rest_route=\/wp\/v2\/users\/1"}],"replies":[{"embeddable":true,"href":"https:\/\/kitdigital.telentic.es\/index.php?rest_route=%2Fwp%2Fv2%2Fcomments&post=385"}],"version-history":[{"count":1,"href":"https:\/\/kitdigital.telentic.es\/index.php?rest_route=\/wp\/v2\/pages\/385\/revisions"}],"predecessor-version":[{"id":386,"href":"https:\/\/kitdigital.telentic.es\/index.php?rest_route=\/wp\/v2\/pages\/385\/revisions\/386"}],"wp:attachment":[{"href":"https:\/\/kitdigital.telentic.es\/index.php?rest_route=%2Fwp%2Fv2%2Fmedia&parent=385"}],"curies":[{"name":"wp","href":"https:\/\/api.w.org\/{rel}","templated":true}]}}