{"id":309,"date":"2020-01-13T11:17:52","date_gmt":"2020-01-13T11:17:52","guid":{"rendered":"https:\/\/demosites.io\/web-agency-gb\/?page_id=5"},"modified":"2025-05-09T14:52:25","modified_gmt":"2025-05-09T14:52:25","slug":"15c42-web-agency-gb-home","status":"publish","type":"page","link":"https:\/\/kitdigital.telentic.es\/","title":{"rendered":"Home"},"content":{"rendered":"\n<div class=\"wp-block-cover alignfull is-light\" style=\"min-height:700px;aspect-ratio:unset;\"><img loading=\"lazy\" decoding=\"async\" width=\"1280\" height=\"720\" class=\"wp-block-cover__image-background wp-image-408\" alt=\"\" src=\"http:\/\/kitdigital.telentic.es\/wp-content\/uploads\/2024\/06\/maxresdefault-1.jpg\" data-object-fit=\"cover\" srcset=\"https:\/\/kitdigital.telentic.es\/wp-content\/uploads\/2024\/06\/maxresdefault-1.jpg 1280w, https:\/\/kitdigital.telentic.es\/wp-content\/uploads\/2024\/06\/maxresdefault-1-300x169.jpg 300w, https:\/\/kitdigital.telentic.es\/wp-content\/uploads\/2024\/06\/maxresdefault-1-1024x576.jpg 1024w, https:\/\/kitdigital.telentic.es\/wp-content\/uploads\/2024\/06\/maxresdefault-1-768x432.jpg 768w\" sizes=\"auto, (max-width: 1280px) 100vw, 1280px\" \/><span aria-hidden=\"true\" class=\"wp-block-cover__background has-background-dim-20 has-background-dim\"><\/span><div class=\"wp-block-cover__inner-container is-layout-flow wp-block-cover-is-layout-flow\">\n<div style=\"height:80px\" aria-hidden=\"true\" class=\"wp-block-spacer\"><\/div>\n\n\n\n<h1 class=\"wp-block-heading has-text-align-center has-text-color\" style=\"color:#121212\">Soluciones digitales para empezar tu transformaci\u00f3n<\/h1>\n\n\n\n<p class=\"has-text-align-center has-text-color\" style=\"color:#121212;font-size:17px\">Si cumples con las condiciones establecidas en las bases de la convocatoria de la ayuda del Kit Digital, podr\u00e1s disponer de un bono digital que te permitir\u00e1 acceder a las soluciones de digitalizaci\u00f3n.<\/p>\n\n\n\n<div class=\"wp-block-buttons is-horizontal is-content-justification-center is-layout-flex wp-container-core-buttons-is-layout-499968f5 wp-block-buttons-is-layout-flex\">\n<div class=\"wp-block-button is-style-primary\"><a class=\"wp-block-button__link wp-element-button\" href=\"http:\/\/www.telentic.es\/#contact\">Cont\u00e1ctanos<\/a><\/div>\n<\/div>\n\n\n\n<div style=\"height:80px\" aria-hidden=\"true\" class=\"wp-block-spacer\"><\/div>\n\n\n\n<div style=\"height:80px\" aria-hidden=\"true\" class=\"wp-block-spacer\"><\/div>\n<\/div><\/div>\n\n\n\n<div style=\"height:80px\" aria-hidden=\"true\" class=\"wp-block-spacer\"><\/div>\n\n\n\n<div class=\"wp-block-columns is-layout-flex wp-container-core-columns-is-layout-9d6595d7 wp-block-columns-is-layout-flex\">\n<div class=\"wp-block-column is-layout-flow wp-block-column-is-layout-flow\"><div class=\"wp-block-image icon-style is-style-rounded\">\n<figure class=\"aligncenter size-large\"><img loading=\"lazy\" decoding=\"async\" width=\"72\" height=\"72\" src=\"http:\/\/kitdigital.telentic.es\/wp-content\/uploads\/2020\/01\/neve-webdesign-GB-03.png\" alt=\"\" class=\"wp-image-20\" title=\"\"\/><\/figure>\n<\/div>\n\n\n<div style=\"height:20px\" aria-hidden=\"true\" class=\"wp-block-spacer\"><\/div>\n\n\n\n<h3 class=\"wp-block-heading has-text-align-center has-neve-text-color-color has-text-color\">Segmento I: 12.000\u20ac<\/h3>\n\n\n\n<p class=\"has-text-align-center\">Peque\u00f1as empresas de entre 10 y menos de 50 empleados<\/p>\n\n\n\n<div style=\"height:20px\" aria-hidden=\"true\" class=\"wp-block-spacer\"><\/div>\n<\/div>\n\n\n\n<div class=\"wp-block-column is-layout-flow wp-block-column-is-layout-flow\"><div class=\"wp-block-image icon-style is-style-rounded\">\n<figure class=\"aligncenter size-large\"><img loading=\"lazy\" decoding=\"async\" width=\"72\" height=\"72\" src=\"http:\/\/kitdigital.telentic.es\/wp-content\/uploads\/2020\/01\/neve-webdesign-GB-04.png\" alt=\"\" class=\"wp-image-21\"\/><\/figure>\n<\/div>\n\n\n<div style=\"height:20px\" aria-hidden=\"true\" class=\"wp-block-spacer\"><\/div>\n\n\n\n<h3 class=\"wp-block-heading has-text-align-center has-neve-text-color-color has-text-color\">Segmento II: 6.000\u20ac<\/h3>\n\n\n\n<p class=\"has-text-align-center\">Peque\u00f1as empresas o Microempresas de entre 3 y menos de 10 empleados<\/p>\n\n\n\n<div style=\"height:20px\" aria-hidden=\"true\" class=\"wp-block-spacer\"><\/div>\n<\/div>\n\n\n\n<div class=\"wp-block-column is-layout-flow wp-block-column-is-layout-flow\"><div class=\"wp-block-image icon-style is-style-rounded\">\n<figure class=\"aligncenter size-large\"><img loading=\"lazy\" decoding=\"async\" width=\"72\" height=\"72\" src=\"http:\/\/kitdigital.telentic.es\/wp-content\/uploads\/2020\/01\/neve-webdesign-GB-01.png\" alt=\"\" class=\"wp-image-18\"\/><\/figure>\n<\/div>\n\n\n<div style=\"height:20px\" aria-hidden=\"true\" class=\"wp-block-spacer\"><\/div>\n\n\n\n<h3 class=\"wp-block-heading has-text-align-center has-neve-text-color-color has-text-color\">Segmento III: 2.000\u20ac<\/h3>\n\n\n\n<p class=\"has-text-align-center\">Peque\u00f1as empresas o Microempresas de entre 1 y menos de 3 empleados y personas en situaci\u00f3n de autoempleo<\/p>\n\n\n\n<div style=\"height:20px\" aria-hidden=\"true\" class=\"wp-block-spacer\"><\/div>\n<\/div>\n<\/div>\n\n\n\n<p>Lo primero que has de hacer es darte de alta como aut\u00f3nomo o Pyme y luego has de hacer una prueba de \u201cdiagnostico digital\u201d que te dar\u00e1 una visi\u00f3n muy clara de las \u00e1reas donde debes mejorar. Con este informe podr\u00e1s escoger las soluciones digitalizadoras que mejor se adapten a tu negocio.<\/p>\n\n\n\n<p>Aqu\u00ed tienes el enlace para darte de alta y ampliar toda la informaci\u00f3n que necesites:<\/p>\n\n\n\n<p><a href=\"https:\/\/acelerapyme.es\/kit-digital\">https:\/\/acelerapyme.es\/kit-digital<\/a><\/p>\n\n\n\n<p>En la secci\u00f3n de \u00abCategor\u00edas de soluciones digitales\u00bb podr\u00e1s consultar en qu\u00e9 consiste cada una y el importe de la ayuda concedida para cada soluci\u00f3n. \u00a1Selecciona aquellas que necesites!<\/p>\n\n\n\n<p><\/p>\n\n\n\n<div class=\"wp-block-cover alignfull\" style=\"min-height:100vh;aspect-ratio:unset;\"><span aria-hidden=\"true\" class=\"wp-block-cover__background has-nv-light-bg-background-color has-background-dim-100 has-background-dim\"><\/span><div class=\"wp-block-cover__inner-container is-layout-flow wp-block-cover-is-layout-flow\">\n<div class=\"wp-block-group\"><div class=\"wp-block-group__inner-container is-layout-flow wp-block-group-is-layout-flow\">\n<h4 class=\"wp-block-heading has-nv-dark-bg-color has-text-color has-link-color wp-elements-445b132fb1cb86ffb65e979262cb0010\"><strong>Categor\u00edas de soluciones digitales<\/strong><\/h4>\n\n\n\n<ul class=\"wp-block-list\">\n<li><a href=\"https:\/\/kitdigital.telentic.es\/?page_id=366\" target=\"_blank\" rel=\"noreferrer noopener\">Sitio Web y Presencia en Internet<\/a><\/li>\n\n\n\n<li><a href=\"https:\/\/kitdigital.telentic.es\/?page_id=369\" target=\"_blank\" rel=\"noreferrer noopener\">Comercio Electr\u00f3nico<\/a><\/li>\n\n\n\n<li><a href=\"https:\/\/kitdigital.telentic.es\/?page_id=372\" target=\"_blank\" rel=\"noreferrer noopener\">Gesti\u00f3n de Redes Sociales<\/a><\/li>\n\n\n\n<li><a href=\"https:\/\/kitdigital.telentic.es\/?page_id=375\" target=\"_blank\" rel=\"noreferrer noopener\">Gesti\u00f3n de Clientes<\/a><\/li>\n\n\n\n<li><a href=\"https:\/\/kitdigital.telentic.es\/?page_id=379\" target=\"_blank\" rel=\"noreferrer noopener\">Business Intelligence y Anal\u00edtica<\/a><\/li>\n\n\n\n<li><a href=\"https:\/\/kitdigital.telentic.es\/?page_id=421\" data-type=\"page\" data-id=\"421\">Gesti\u00f3n de Procesos<\/a><\/li>\n\n\n\n<li><a href=\"https:\/\/kitdigital.telentic.es\/?page_id=418\" data-type=\"page\" data-id=\"418\">Factura Electr\u00f3nica<\/a><\/li>\n\n\n\n<li><a href=\"https:\/\/kitdigital.telentic.es\/?page_id=382\" target=\"_blank\" rel=\"noreferrer noopener\">Servicios y herramientas de Oficina Virtual<\/a><\/li>\n\n\n\n<li><a href=\"https:\/\/kitdigital.telentic.es\/?page_id=385\" target=\"_blank\" rel=\"noreferrer noopener\">Comunicaciones Seguras<\/a><\/li>\n\n\n\n<li><a href=\"https:\/\/kitdigital.telentic.es\/?page_id=389\" target=\"_blank\" rel=\"noreferrer noopener\">Ciberseguridad<\/a><\/li>\n\n\n\n<li><a href=\"https:\/\/kitdigital.telentic.es\/?page_id=414\" data-type=\"page\" data-id=\"414\">Presencia Avanzada en Internet<\/a><\/li>\n<\/ul>\n\n\n\n<div style=\"height:40px\" aria-hidden=\"true\" class=\"wp-block-spacer\"><\/div>\n<\/div><\/div>\n\n\n\n<figure class=\"wp-block-image size-large\"><img loading=\"lazy\" decoding=\"async\" width=\"1024\" height=\"147\" src=\"https:\/\/kitdigital.telentic.es\/wp-content\/uploads\/2024\/06\/KitDigitalBandera-1-1024x147.png\" alt=\"\" class=\"wp-image-404\" srcset=\"https:\/\/kitdigital.telentic.es\/wp-content\/uploads\/2024\/06\/KitDigitalBandera-1-1024x147.png 1024w, https:\/\/kitdigital.telentic.es\/wp-content\/uploads\/2024\/06\/KitDigitalBandera-1-300x43.png 300w, https:\/\/kitdigital.telentic.es\/wp-content\/uploads\/2024\/06\/KitDigitalBandera-1-768x110.png 768w, https:\/\/kitdigital.telentic.es\/wp-content\/uploads\/2024\/06\/KitDigitalBandera-1-1536x220.png 1536w, https:\/\/kitdigital.telentic.es\/wp-content\/uploads\/2024\/06\/KitDigitalBandera-1.png 1737w\" sizes=\"auto, (max-width: 1024px) 100vw, 1024px\" \/><\/figure>\n<\/div><\/div>\n","protected":false},"excerpt":{"rendered":"<p>Segmento I: 12.000\u20ac Peque\u00f1as empresas de entre 10 y menos de 50 empleados Segmento II: 6.000\u20ac Peque\u00f1as empresas o Microempresas de entre 3 y menos de 10 empleados Segmento III: 2.000\u20ac Peque\u00f1as empresas o Microempresas de entre 1 y menos de 3 empleados y personas en situaci\u00f3n de autoempleo Lo primero que has de hacer&hellip;&nbsp;<a href=\"https:\/\/kitdigital.telentic.es\/\" rel=\"bookmark\">Leer m\u00e1s &raquo;<span class=\"screen-reader-text\">Home<\/span><\/a><\/p>\n","protected":false},"author":1,"featured_media":0,"parent":0,"menu_order":0,"comment_status":"closed","ping_status":"closed","template":"","meta":{"neve_meta_sidebar":"default","neve_meta_container":"default","neve_meta_enable_content_width":"on","neve_meta_content_width":100,"neve_meta_title_alignment":"","neve_meta_author_avatar":"","neve_post_elements_order":"","neve_meta_disable_header":"","neve_meta_disable_footer":"","neve_meta_disable_title":"on","_themeisle_gutenberg_block_has_review":false,"footnotes":""},"class_list":["post-309","page","type-page","status-publish","hentry"],"_links":{"self":[{"href":"https:\/\/kitdigital.telentic.es\/index.php?rest_route=\/wp\/v2\/pages\/309","targetHints":{"allow":["GET"]}}],"collection":[{"href":"https:\/\/kitdigital.telentic.es\/index.php?rest_route=\/wp\/v2\/pages"}],"about":[{"href":"https:\/\/kitdigital.telentic.es\/index.php?rest_route=\/wp\/v2\/types\/page"}],"author":[{"embeddable":true,"href":"https:\/\/kitdigital.telentic.es\/index.php?rest_route=\/wp\/v2\/users\/1"}],"replies":[{"embeddable":true,"href":"https:\/\/kitdigital.telentic.es\/index.php?rest_route=%2Fwp%2Fv2%2Fcomments&post=309"}],"version-history":[{"count":16,"href":"https:\/\/kitdigital.telentic.es\/index.php?rest_route=\/wp\/v2\/pages\/309\/revisions"}],"predecessor-version":[{"id":431,"href":"https:\/\/kitdigital.telentic.es\/index.php?rest_route=\/wp\/v2\/pages\/309\/revisions\/431"}],"wp:attachment":[{"href":"https:\/\/kitdigital.telentic.es\/index.php?rest_route=%2Fwp%2Fv2%2Fmedia&parent=309"}],"curies":[{"name":"wp","href":"https:\/\/api.w.org\/{rel}","templated":true}]}}